{"id":4318,"date":"2025-09-04T18:46:57","date_gmt":"2025-09-04T18:46:57","guid":{"rendered":"https:\/\/el-faro.com.mx\/?page_id=4318"},"modified":"2025-09-04T18:47:48","modified_gmt":"2025-09-04T18:47:48","slug":"quienes-somos","status":"publish","type":"page","link":"https:\/\/el-faro.com.mx\/index.php\/quienes-somos\/","title":{"rendered":"\u00bfQui\u00e9nes Somos?"},"content":{"rendered":"\n<p><br>En El-faro.com.mx creemos en el deber c\u00edvico, la tradici\u00f3n y la libertad. Ofrecemos claridad sobre el caos, y acci\u00f3n sobre la queja.<br><strong>Somos parte de Medios Digitales Nacionales<\/strong>, un colectivo que informa con principios y responsabilidad.<\/p>\n\n\n<div class=\"wp-block-image\">\n<figure class=\"aligncenter size-full\"><img loading=\"lazy\" decoding=\"async\" width=\"500\" height=\"500\" src=\"https:\/\/el-faro.com.mx\/wp-content\/uploads\/2025\/09\/EL-FARO-2.png\" alt=\"\" class=\"wp-image-4320\" srcset=\"https:\/\/el-faro.com.mx\/wp-content\/uploads\/2025\/09\/EL-FARO-2.png 500w, https:\/\/el-faro.com.mx\/wp-content\/uploads\/2025\/09\/EL-FARO-2-300x300.png 300w, https:\/\/el-faro.com.mx\/wp-content\/uploads\/2025\/09\/EL-FARO-2-150x150.png 150w\" sizes=\"auto, (max-width: 500px) 100vw, 500px\" \/><\/figure>\n<\/div>","protected":false},"excerpt":{"rendered":"<p>En El-faro.com.mx creemos en el deber c\u00edvico, la tradici\u00f3n y la libertad. Ofrecemos claridad sobre el caos, y acci\u00f3n sobre la queja.Somos parte de Medios Digitales Nacionales, un colectivo que informa con principios y responsabilidad.<\/p>\n","protected":false},"author":1,"featured_media":0,"parent":0,"menu_order":0,"comment_status":"closed","ping_status":"closed","template":"","meta":{"footnotes":""},"class_list":["post-4318","page","type-page","status-publish","hentry"],"_links":{"self":[{"href":"https:\/\/el-faro.com.mx\/index.php\/wp-json\/wp\/v2\/pages\/4318","targetHints":{"allow":["GET"]}}],"collection":[{"href":"https:\/\/el-faro.com.mx\/index.php\/wp-json\/wp\/v2\/pages"}],"about":[{"href":"https:\/\/el-faro.com.mx\/index.php\/wp-json\/wp\/v2\/types\/page"}],"author":[{"embeddable":true,"href":"https:\/\/el-faro.com.mx\/index.php\/wp-json\/wp\/v2\/users\/1"}],"replies":[{"embeddable":true,"href":"https:\/\/el-faro.com.mx\/index.php\/wp-json\/wp\/v2\/comments?post=4318"}],"version-history":[{"count":2,"href":"https:\/\/el-faro.com.mx\/index.php\/wp-json\/wp\/v2\/pages\/4318\/revisions"}],"predecessor-version":[{"id":4321,"href":"https:\/\/el-faro.com.mx\/index.php\/wp-json\/wp\/v2\/pages\/4318\/revisions\/4321"}],"wp:attachment":[{"href":"https:\/\/el-faro.com.mx\/index.php\/wp-json\/wp\/v2\/media?parent=4318"}],"curies":[{"name":"wp","href":"https:\/\/api.w.org\/{rel}","templated":true}]}}